{"id":1184,"date":"2022-03-29T09:21:30","date_gmt":"2022-03-29T09:21:30","guid":{"rendered":"https:\/\/easygest.es\/?post_type=product&#038;p=1184"},"modified":"2025-10-14T07:53:42","modified_gmt":"2025-10-14T07:53:42","slug":"basic","status":"publish","type":"product","link":"https:\/\/easygest.es\/ca\/producto\/basic\/","title":{"rendered":"B\u00e0sic"},"content":{"rendered":"<ul>\n<li><strong>ASSESSORAMENT<\/strong><br \/>\nDonem resposta a consultes de tipus fiscal i comptable nacional, informem de novetats normatives.<\/li>\n<li><strong>IMPOSTOS<\/strong><br \/>\nConfecci\u00f3 i presentaci\u00f3 d&#8217;impostos trimestrals i resums anuals davant AEAT.<\/li>\n<li><strong>SOFTWARE FACTURACI\u00d3<\/strong><br \/>\nControl de despeses, cobraments i pagaments mitjan\u00e7ant A3facturaGo.<\/li>\n<li><strong>GESTOR DOCUMENTAL<\/strong><br \/>\nSoftware al n\u00favol A3Doc Cloud per tenir acc\u00e9s als impostos presentats i un altre tipus de documents que l&#8217;assessor comparteix.<\/li>\n<\/ul>\n","protected":false},"excerpt":{"rendered":"<p>ASSESSORAMENT Donem resposta a consultes de tipus fiscal i comptable nacional, informem de novetats normatives. IMPOSTOS Confecci\u00f3 i presentaci\u00f3 d&#8217;impostos trimestrals i resums anuals davant AEAT. SOFTWARE FACTURACI\u00d3 Control de [&hellip;]<\/p>\n","protected":false},"featured_media":0,"template":"","meta":{"inline_featured_image":false},"product_brand":[],"product_cat":[40],"product_tag":[],"class_list":{"0":"post-1184","1":"product","2":"type-product","3":"status-publish","5":"product_cat-autonoms","7":"first","8":"instock","9":"virtual","10":"sold-individually","11":"taxable","12":"purchasable","13":"product-type-simple"},"_links":{"self":[{"href":"https:\/\/easygest.es\/ca\/wp-json\/wp\/v2\/product\/1184","targetHints":{"allow":["GET"]}}],"collection":[{"href":"https:\/\/easygest.es\/ca\/wp-json\/wp\/v2\/product"}],"about":[{"href":"https:\/\/easygest.es\/ca\/wp-json\/wp\/v2\/types\/product"}],"wp:attachment":[{"href":"https:\/\/easygest.es\/ca\/wp-json\/wp\/v2\/media?parent=1184"}],"wp:term":[{"taxonomy":"product_brand","embeddable":true,"href":"https:\/\/easygest.es\/ca\/wp-json\/wp\/v2\/product_brand?post=1184"},{"taxonomy":"product_cat","embeddable":true,"href":"https:\/\/easygest.es\/ca\/wp-json\/wp\/v2\/product_cat?post=1184"},{"taxonomy":"product_tag","embeddable":true,"href":"https:\/\/easygest.es\/ca\/wp-json\/wp\/v2\/product_tag?post=1184"}],"curies":[{"name":"wp","href":"https:\/\/api.w.org\/{rel}","templated":true}]}}