{"id":1183,"date":"2022-11-25T08:34:02","date_gmt":"2024-07-26T09:35:15","guid":{"rendered":"https:\/\/easygest.es\/?post_type=product&#038;p=1183"},"modified":"2025-10-14T07:57:28","modified_gmt":"2025-10-14T07:57:28","slug":"premium","status":"publish","type":"product","link":"https:\/\/easygest.es\/ca\/producto\/premium\/","title":{"rendered":"Premium"},"content":{"rendered":"<ul>\n<li><strong>ASSESSORAMENT<\/strong><br \/>\nDonem resposta a consultes de tipus fiscal i comptable nacional, informem de novetats normatives.<\/li>\n<li><strong>IMPOSTOS<\/strong><br \/>\nConfecci\u00f3 i presentaci\u00f3 d&#8217;impostos trimestrals i resums anuals davant AEAT.<\/li>\n<li><strong>INFORME TRIMESTRAL<\/strong><br \/>\nQue es comparteix mitjan\u00e7ant gestor documental d&#8217;informe fiscal i comptable de l&#8217;activitat.<\/li>\n<li><strong>GESTOR DOCUMENTAL<\/strong><br \/>\nSoftware al n\u00favol A3Doc Cloud per tenir acc\u00e9s als impostos presentats i un altre tipus de documents que l&#8217;assessor comparteix.<\/li>\n<li><strong>SOFTWARE COMPTABILITAT<\/strong><br \/>\nA3Innuva, perqu\u00e8 l&#8217;empresa pugui confeccionar la comptabilitat de l&#8217;empresa amb format web (online) i en temps real amb acc\u00e9s de consulta per a l&#8217;assessor.<\/li>\n<li><strong>REUNI\u00d3 PREVISI\u00d3 PER VIDEOCONFER\u00c8NCIA<\/strong><br \/>\nPer valorar la situaci\u00f3 comptable i fiscal de l&#8217;empresa abans del tancament de l&#8217;exercici. Per prendre decisions.<\/li>\n<li><strong>REUNI\u00d3 TANCAMENT FISCAL I COMPTABLE EXERCICI PER VIDEOCONFER\u00c8NCIA<\/strong><br \/>\nPer analitzar el tancament de l&#8217;exercici i prendre decisions en quant als ajustos en l&#8217;impost de societats i confecci\u00f3 del balan\u00e7 de tancament de l&#8217;empresa.<\/li>\n<li><strong>DIGITALITZACI\u00d3 DE FACTURES<\/strong><br \/>\nSoftware de digitalitzaci\u00f3 de factures. Importaci\u00f3 de fitxers a facturaci\u00f3 o comptabilitat, mitjan\u00e7ant fotografia des del tel\u00e8fon o tauleta. Validat per l&#8217;ag\u00e8ncia tribut\u00e0ria.<\/li>\n<li><strong>NOTIFICACIONS<\/strong><br \/>\nGesti\u00f3 de la recepci\u00f3 i obertura de notificacions d&#8217;AEAT i Seguretat social per part del despatx i av\u00eds al client d&#8217;aquesta notificaci\u00f3.<\/li>\n<li><strong>INFORME RATIOS (AN\u00c0LISI BALAN\u00c7OS)<\/strong><br \/>\nInforme ratios (Finsit), mitjan\u00e7ant software amb KPI&#8217;s, generem informe de ratios comptables i financers de la pime.<\/li>\n<\/ul>\n","protected":false},"excerpt":{"rendered":"<p>ASSESSORAMENT Donem resposta a consultes de tipus fiscal i comptable nacional, informem de novetats normatives. IMPOSTOS Confecci\u00f3 i presentaci\u00f3 d&#8217;impostos trimestrals i resums anuals davant AEAT. INFORME TRIMESTRAL Que es [&hellip;]<\/p>\n","protected":false},"featured_media":0,"template":"","meta":{"inline_featured_image":false},"product_brand":[],"product_cat":[42],"product_tag":[],"class_list":{"0":"post-1183","1":"product","2":"type-product","3":"status-publish","5":"product_cat-pimes","7":"first","8":"instock","9":"virtual","10":"sold-individually","11":"taxable","12":"purchasable","13":"product-type-simple"},"_links":{"self":[{"href":"https:\/\/easygest.es\/ca\/wp-json\/wp\/v2\/product\/1183","targetHints":{"allow":["GET"]}}],"collection":[{"href":"https:\/\/easygest.es\/ca\/wp-json\/wp\/v2\/product"}],"about":[{"href":"https:\/\/easygest.es\/ca\/wp-json\/wp\/v2\/types\/product"}],"wp:attachment":[{"href":"https:\/\/easygest.es\/ca\/wp-json\/wp\/v2\/media?parent=1183"}],"wp:term":[{"taxonomy":"product_brand","embeddable":true,"href":"https:\/\/easygest.es\/ca\/wp-json\/wp\/v2\/product_brand?post=1183"},{"taxonomy":"product_cat","embeddable":true,"href":"https:\/\/easygest.es\/ca\/wp-json\/wp\/v2\/product_cat?post=1183"},{"taxonomy":"product_tag","embeddable":true,"href":"https:\/\/easygest.es\/ca\/wp-json\/wp\/v2\/product_tag?post=1183"}],"curies":[{"name":"wp","href":"https:\/\/api.w.org\/{rel}","templated":true}]}}