{"id":941,"date":"2021-04-14T06:40:01","date_gmt":"2021-04-14T06:40:01","guid":{"rendered":"https:\/\/easygest.es\/?page_id=941"},"modified":"2021-04-14T06:40:03","modified_gmt":"2021-04-14T06:40:03","slug":"landing-cpac","status":"publish","type":"page","link":"https:\/\/easygest.es\/ca\/landing-cpac\/","title":{"rendered":"Landing CPAC"},"content":{"rendered":"\n<div style=\"height:28px\" aria-hidden=\"true\" class=\"wp-block-spacer\"><\/div>\n\n\n\n<div class=\"wp-block-group max-width\"><div class=\"wp-block-group__inner-container is-layout-flow wp-block-group-is-layout-flow\">\n<div class=\"wp-block-columns is-layout-flex wp-container-core-columns-is-layout-9d6595d7 wp-block-columns-is-layout-flex\">\n<div class=\"wp-block-column is-layout-flow wp-block-column-is-layout-flow\">\n<div class=\"wp-block-image\"><figure class=\"aligncenter size-large is-resized\"><img loading=\"lazy\" decoding=\"async\" src=\"http:\/\/easygest.es\/wp-content\/uploads\/2020\/03\/icon1.svg\" alt=\"\" class=\"wp-image-37\" width=\"69\" height=\"83\"\/><\/figure><\/div>\n\n\n\n<h3 class=\"has-text-align-center wp-block-heading\">La gesti\u00f3<\/h3>\n\n\n\n<p>A trav\u00e9s d&#8217;una aplicaci\u00f3 col\u00b7laborativa estem connectats a tu. En aquest entorn digital podr\u00e0s pujar les factures.<\/p>\n<\/div>\n\n\n\n<div class=\"wp-block-column is-layout-flow wp-block-column-is-layout-flow\">\n<div class=\"wp-block-image\"><figure class=\"aligncenter size-large is-resized\"><img loading=\"lazy\" decoding=\"async\" src=\"http:\/\/easygest.es\/wp-content\/uploads\/2020\/03\/icon2.svg\" alt=\"\" class=\"wp-image-35\" width=\"87\" height=\"87\"\/><\/figure><\/div>\n\n\n\n<h3 class=\"has-text-align-center wp-block-heading\">Tot en el n\u00favol<\/h3>\n\n\n\n<p>Tindr\u00e0s el control de la comptabilitat i fiscalitat del teu negoci les 24 hores del dia des de tot arreu.<\/p>\n<\/div>\n\n\n\n<div class=\"wp-block-column is-layout-flow wp-block-column-is-layout-flow\">\n<div class=\"wp-block-image\"><figure class=\"aligncenter size-large is-resized\"><img loading=\"lazy\" decoding=\"async\" src=\"http:\/\/easygest.es\/wp-content\/uploads\/2020\/03\/icon3.svg\" alt=\"\" class=\"wp-image-36\" width=\"83\" height=\"83\"\/><\/figure><\/div>\n\n\n\n<h3 class=\"has-text-align-center wp-block-heading\">Oblida&#8217;t<\/h3>\n\n\n\n<p>Som els millors interlocutors entre les administracions p\u00fabliques i tu. Preocupa&#8217;t del teu negoci i oblida&#8217;t de la resta de tr\u00e0mits.<\/p>\n<\/div>\n<\/div>\n\n\n\n<div style=\"height:5px\" aria-hidden=\"true\" class=\"wp-block-spacer\"><\/div>\n\n\n\n<h2 class=\"has-text-align-center wp-block-heading\">Especificacions<\/h2>\n\n\n\n<p class=\"has-text-align-center has-medium-font-size\">La paraula que ho resumeix tot \u00e9s flexibilitat<\/p>\n\n\n\n<div class=\"wp-block-columns is-layout-flex wp-container-core-columns-is-layout-9d6595d7 wp-block-columns-is-layout-flex\">\n<div class=\"wp-block-column is-layout-flow wp-block-column-is-layout-flow\">\n<h3 class=\"has-text-align-center wp-block-heading\">Fiscal<\/h3>\n\n\n\n<p>Confecci\u00f3 i presentaci\u00f3 d&#8217;impostos, assessorament fiscal, altes, baixes i variacions a hisenda i seguretat social d&#8217;aut\u00f2noms. Obligacions fiscals amb hisenda i altres organismes p\u00fablics. Mediadors i interlocutors entre el client i l&#8217;administraci\u00f3 p\u00fablica. Assessorar en la presentaci\u00f3 de recursos o inspeccions. Planificaci\u00f3 fiscal i constituci\u00f3 de societats.<\/p>\n<\/div>\n\n\n\n<div class=\"wp-block-column is-layout-flow wp-block-column-is-layout-flow\">\n<h3 class=\"has-text-align-center wp-block-heading\">Laboral<\/h3>\n\n\n\n<p>Altes i baixes d&#8217;empreses i aut\u00f2noms, aix\u00ed com dels seus treballadors a la seguretat social, confecci\u00f3 de n\u00f2mines, assegurances socials, revisions de conveni. Assessorament i representaci\u00f3 en les inspeccions de treball, Cemac, control horari.<\/p>\n<\/div>\n\n\n\n<div class=\"wp-block-column is-layout-flow wp-block-column-is-layout-flow\">\n<h3 class=\"has-text-align-center wp-block-heading\">Comptable<\/h3>\n\n\n\n<p>Assessorament comptable a empreses o aut\u00f2noms que porten la confecci\u00f3 o comptabilitat dels seus clients. An\u00e0lisi de balan\u00e7os i de la situaci\u00f3 de l&#8217;empresa. Presentaci\u00f3 de llibres oficials i comptes anuals, assessorament i presentaci\u00f3 de documentaci\u00f3 per a finan\u00e7aments.<\/p>\n<\/div>\n<\/div>\n\n\n\n<div id=\"planes\" class=\"wp-block-group\"><div class=\"wp-block-group__inner-container is-layout-flow wp-block-group-is-layout-flow\">\n<div id=\"planes\" class=\"wp-block-group\"><div class=\"wp-block-group__inner-container is-layout-flow wp-block-group-is-layout-flow\"><div class=\"post-content planesyprecios\">\n\n<div id=\"autonoms\" class=\"pricing-cat-button active\">Aut\u00f2noms<\/div><div id=\"pimes\" class=\"pricing-cat-button \">Pimes<\/div>    \n    \n    <div class=\"pricing-tables-wrapper\">\n        <div id=\"autonoms-table\" class=\"max-width pricing-cat-table active\">\n\n   \n            <p class=\"table-heading\">Plans i preus per Aut\u00f2noms<\/p>\n                                            <div class=\"pricing-list\">\n                    <p class=\"title\">B\u00e0sic<\/p>\n                    <p class=\"price\">40<span class=\"currency\">\u20ac<\/span>\/mes<\/p>\n                    <p class=\"tax\">IVA no incl\u00f2s<\/p>\n                    <a class=\"contratar\" href=\"https:\/\/easygest.es\/ca\/producto\/basic\/\">Seleccionar<\/a>\n                                            <p class=\"masinfo\">Inclou:<\/p>\n                                        <div class=\"features\">\n                        <ul>\r\n \t<li><strong>ASSESSORAMENT<\/strong>\r\nDonem resposta a consultes de tipus fiscal i comptable nacional, informem de novetats normatives.<\/li>\r\n \t<li><strong>IMPOSTOS<\/strong>\r\nConfecci\u00f3 i presentaci\u00f3 d&#8217;impostos trimestrals i resums anuals davant AEAT.<\/li>\r\n \t<li><strong>SOFTWARE FACTURACI\u00d3<\/strong>\r\nControl de despeses, cobraments i pagaments mitjan\u00e7ant A3facturaGo.<\/li>\r\n \t<li><strong>GESTOR DOCUMENTAL<\/strong>\r\nSoftware al n\u00favol A3Doc Cloud per tenir acc\u00e9s als impostos presentats i un altre tipus de documents que l&#8217;assessor comparteix.<\/li>\r\n<\/ul>                    <\/div>\n\n                <\/div>\n\n                                            <div class=\"pricing-list\">\n                    <p class=\"title\">Professional<\/p>\n                    <p class=\"price\">50<span class=\"currency\">\u20ac<\/span>\/mes<\/p>\n                    <p class=\"tax\">IVA no incl\u00f2s<\/p>\n                    <a class=\"contratar\" href=\"https:\/\/easygest.es\/ca\/producto\/professional-2\/\">Seleccionar<\/a>\n                                            <p class=\"masinfo\">Inclou:<\/p>\n                                        <div class=\"features\">\n                        <ul>\n<li><strong>ASSESSORAMENT<\/strong><br \/>\nDonem resposta a consultes de tipus fiscal i comptable nacional, informem de novetats normatives.<\/li>\n<li><strong>IMPOSTOS<\/strong><br \/>\nConfecci\u00f3 i presentaci\u00f3 d&#8217;impostos trimestrals i resums anuals davant AEAT.<\/li>\n<li><strong>SOFTWARE FACTURACI\u00d3<\/strong><br \/>\nControl de despeses, cobraments i pagaments mitjan\u00e7ant A3facturaGo.<\/li>\n<li><strong>GESTOR DOCUMENTAL<\/strong><br \/>\nSoftware al n\u00favol A3Doc Cloud per tenir acc\u00e9s als impostos presentats i un altre tipus de documents que l&#8217;assessor comparteix.<\/li>\n<li><strong>INFORME TRIMESTRAL<\/strong><br \/>\nQue es comparteix mitjan\u00e7ant gestor documental d&#8217;informe fiscal i comptable de l&#8217;activitat.<\/li>\n<li><strong>DIGITALITZACI\u00d3 DE FACTURES<\/strong><br \/>\nSoftware de digitalitzaci\u00f3 de factures. Importaci\u00f3 de fitxers a facturaci\u00f3 o comptabilitat, mitjan\u00e7ant fotografia des del tel\u00e8fon o tauleta. Validat per l&#8217;ag\u00e8ncia tribut\u00e0ria.<\/li>\n<\/ul>\n                    <\/div>\n\n                <\/div>\n\n                                            <div class=\"pricing-list\">\n                    <p class=\"title\">Premium<\/p>\n                    <p class=\"price\">65<span class=\"currency\">\u20ac<\/span>\/mes<\/p>\n                    <p class=\"tax\">IVA no incl\u00f2s<\/p>\n                    <a class=\"contratar\" href=\"https:\/\/easygest.es\/ca\/producto\/premium-2\/\">Seleccionar<\/a>\n                                            <p class=\"masinfo\">Inclou:<\/p>\n                                        <div class=\"features\">\n                        <ul>\n<li><strong>ASSESSORAMENT<\/strong><br \/>\nDonem resposta a consultes de tipus fiscal i comptable nacional, informem de novetats normatives.<\/li>\n<li><strong>IMPOSTOS<\/strong><br \/>\nConfecci\u00f3 i presentaci\u00f3 d&#8217;impostos trimestrals i resums anuals davant AEAT.<\/li>\n<li><strong>SOFTWARE FACTURACI\u00d3<\/strong><br \/>\nControl de despeses, cobraments i pagaments mitjan\u00e7ant A3facturaGo.<\/li>\n<li><strong>GESTOR DOCUMENTAL<\/strong><br \/>\nSoftware al n\u00favol A3Doc Cloud per tenir acc\u00e9s als impostos presentats i un altre tipus de documents que l&#8217;assessor comparteix.<\/li>\n<li><strong>INFORME TRIMESTRAL<\/strong><br \/>\nQue es comparteix mitjan\u00e7ant gestor documental d&#8217;informe fiscal i comptable de l&#8217;activitat.<\/li>\n<li><strong>DIGITALITZACI\u00d3 DE FACTURES<\/strong><br \/>\nSoftware de digitalitzaci\u00f3 de factures. Importaci\u00f3 de fitxers a facturaci\u00f3 o comptabilitat, mitjan\u00e7ant fotografia des del tel\u00e8fon o tauleta. Validat per l&#8217;ag\u00e8ncia tribut\u00e0ria.<\/li>\n<li><strong>NOTIFICACIONS<\/strong><br \/>\nGesti\u00f3 de la recepci\u00f3 i obertura de notificacions d&#8217;AEAT i Seguretat Social per part del despatx i av\u00eds al client d&#8217;aquesta notificaci\u00f3.<\/li>\n<\/ul>\n                    <\/div>\n\n                <\/div>\n\n                        <div class=\"pricing-tables-description\">\n                <div class=\"max-width\">\n                                    <\/div>\n            <\/div>\n        <\/div>\n      \n    <\/div>\n    \n    \n    \n    \n        \n    \n    <div class=\"pricing-tables-wrapper\">\n        <div id=\"pimes-table\" class=\"max-width pricing-cat-table \">\n\n   \n            <p class=\"table-heading\">Plans i preus per Pimes<\/p>\n                                            <div class=\"pricing-list\">\n                    <p class=\"title\">B\u00e0sic<\/p>\n                    <p class=\"price\">110<span class=\"currency\">\u20ac<\/span>\/mes<\/p>\n                    <p class=\"tax\">IVA no incl\u00f2s<\/p>\n                    <a class=\"contratar\" href=\"https:\/\/easygest.es\/ca\/producto\/basic-2\/\">Seleccionar<\/a>\n                                            <p class=\"masinfo\">Inclou:<\/p>\n                                        <div class=\"features\">\n                        <div class=\"features\">\n<ul>\n<li><strong>ASSESSORAMENT<\/strong><br \/>\nDonem resposta a consultes de tipus fiscal i comptable nacional, informem de novetats normatives.<\/li>\n<li><strong>IMPOSTOS<\/strong><br \/>\nConfecci\u00f3 i presentaci\u00f3 d&#8217;impostos trimestrals i resums anuals davant AEAT.<\/li>\n<li><strong>INFORME TRIMESTRAL<\/strong><br \/>\nQue es comparteix mitjan\u00e7ant gestor documental d&#8217;informe fiscal i comptable de l&#8217;activitat.<\/li>\n<li><strong>GESTOR DOCUMENTAL<\/strong><br \/>\nSoftware al n\u00favol A3Doc Cloud per tenir acc\u00e9s als impostos presentats i un altre tipus de documents que l&#8217;assessor comparteix.<\/li>\n<li><strong>SOFTWARE COMPTABILITAT<\/strong><br \/>\nA3Innuva, perqu\u00e8 l&#8217;empresa pugui confeccionar la comptabilitat de l&#8217;empresa amb format web (online) i en temps real amb acc\u00e9s de consulta per a l&#8217;assessor.<\/li>\n<li><strong>REUNI\u00d3 TANCAMENT FISCAL I COMPTABLE EXERCICI PER VIDEOCONFER\u00c8NCIA<\/strong><br \/>\nPer analitzar el tancament de l&#8217;exercici i prendre decisions en quant als ajustos en l&#8217;impost de societats i confecci\u00f3 del balan\u00e7 de tancament de l&#8217;empresa.<\/li>\n<li><strong>DIGITALITZACI\u00d3 DE FACTURES<\/strong><br \/>\nSoftware de digitalitzaci\u00f3 de factures. Importaci\u00f3 de fitxers a facturaci\u00f3 o comptabilitat, mitjan\u00e7ant fotografia des del tel\u00e8fon o tauleta. Validat per l&#8217;ag\u00e8ncia tribut\u00e0ria.<\/li>\n<\/ul>\n<\/div>\n                    <\/div>\n\n                <\/div>\n\n                                            <div class=\"pricing-list\">\n                    <p class=\"title\">Professional<\/p>\n                    <p class=\"price\">145<span class=\"currency\">\u20ac<\/span>\/mes<\/p>\n                    <p class=\"tax\">IVA no incl\u00f2s<\/p>\n                    <a class=\"contratar\" href=\"https:\/\/easygest.es\/ca\/producto\/professional\/\">Seleccionar<\/a>\n                                            <p class=\"masinfo\">Inclou:<\/p>\n                                        <div class=\"features\">\n                        <ul>\n<li><strong>ASSESSORAMENT<\/strong><br \/>\nDonem resposta a consultes de tipus fiscal i comptable nacional, informem de novetats normatives.<\/li>\n<li><strong>IMPOSTOS<\/strong><br \/>\nConfecci\u00f3 i presentaci\u00f3 d&#8217;impostos trimestrals i resums anuals davant AEAT.<\/li>\n<li><strong>INFORME TRIMESTRAL<\/strong><br \/>\nQue es comparteix mitjan\u00e7ant gestor documental d&#8217;informe fiscal i comptable de l&#8217;activitat.<\/li>\n<li><strong>GESTOR DOCUMENTAL<\/strong><br \/>\nSoftware al n\u00favol A3Doc Cloud per tenir acc\u00e9s als impostos presentats i un altre tipus de documents que l&#8217;assessor comparteix.<\/li>\n<li><strong>SOFTWARE COMPTABILITAT<\/strong><br \/>\nA3Innuva, perqu\u00e8 l&#8217;empresa pugui confeccionar la comptabilitat de l&#8217;empresa amb format web (online) i en temps real amb acc\u00e9s de consulta per a l&#8217;assessor.<\/li>\n<li><strong>REUNI\u00d3 PREVISI\u00d3 PER VIDEOCONFER\u00c8NCIA<\/strong><br \/>\nPer valorar la situaci\u00f3 comptable i fiscal de l&#8217;empresa abans del tancament de l&#8217;exercici. Per prendre decisions.<\/li>\n<li><strong>REUNI\u00d3 TANCAMENT FISCAL I COMPTABLE EXERCICI PER VIDEOCONFER\u00c8NCIA<\/strong><br \/>\nPer analitzar el tancament de l&#8217;exercici i prendre decisions en quant als ajustos en l&#8217;impost de societats i confecci\u00f3 del balan\u00e7 de tancament de l&#8217;empresa.<\/li>\n<li><strong>DIGITALITZACI\u00d3 DE FACTURES<\/strong><br \/>\nSoftware de digitalitzaci\u00f3 de factures. Importaci\u00f3 de fitxers a facturaci\u00f3 o comptabilitat, mitjan\u00e7ant fotografia des del tel\u00e8fon o tauleta. Validat per l&#8217;ag\u00e8ncia tribut\u00e0ria.<\/li>\n<li><strong>NOTIFICACIONS<\/strong><br \/>\nGesti\u00f3 de la recepci\u00f3 i obertura de notificacions d&#8217;AEAT i Seguretat Social per part del despatx i av\u00eds al client d&#8217;aquesta notificaci\u00f3.<\/li>\n<\/ul>\n                    <\/div>\n\n                <\/div>\n\n                                            <div class=\"pricing-list\">\n                    <p class=\"title\">Premium<\/p>\n                    <p class=\"price\">165<span class=\"currency\">\u20ac<\/span>\/mes<\/p>\n                    <p class=\"tax\">IVA no incl\u00f2s<\/p>\n                    <a class=\"contratar\" href=\"https:\/\/easygest.es\/ca\/producto\/premium\/\">Seleccionar<\/a>\n                                            <p class=\"masinfo\">Inclou:<\/p>\n                                        <div class=\"features\">\n                        <ul>\n<li><strong>ASSESSORAMENT<\/strong><br \/>\nDonem resposta a consultes de tipus fiscal i comptable nacional, informem de novetats normatives.<\/li>\n<li><strong>IMPOSTOS<\/strong><br \/>\nConfecci\u00f3 i presentaci\u00f3 d&#8217;impostos trimestrals i resums anuals davant AEAT.<\/li>\n<li><strong>INFORME TRIMESTRAL<\/strong><br \/>\nQue es comparteix mitjan\u00e7ant gestor documental d&#8217;informe fiscal i comptable de l&#8217;activitat.<\/li>\n<li><strong>GESTOR DOCUMENTAL<\/strong><br \/>\nSoftware al n\u00favol A3Doc Cloud per tenir acc\u00e9s als impostos presentats i un altre tipus de documents que l&#8217;assessor comparteix.<\/li>\n<li><strong>SOFTWARE COMPTABILITAT<\/strong><br \/>\nA3Innuva, perqu\u00e8 l&#8217;empresa pugui confeccionar la comptabilitat de l&#8217;empresa amb format web (online) i en temps real amb acc\u00e9s de consulta per a l&#8217;assessor.<\/li>\n<li><strong>REUNI\u00d3 PREVISI\u00d3 PER VIDEOCONFER\u00c8NCIA<\/strong><br \/>\nPer valorar la situaci\u00f3 comptable i fiscal de l&#8217;empresa abans del tancament de l&#8217;exercici. Per prendre decisions.<\/li>\n<li><strong>REUNI\u00d3 TANCAMENT FISCAL I COMPTABLE EXERCICI PER VIDEOCONFER\u00c8NCIA<\/strong><br \/>\nPer analitzar el tancament de l&#8217;exercici i prendre decisions en quant als ajustos en l&#8217;impost de societats i confecci\u00f3 del balan\u00e7 de tancament de l&#8217;empresa.<\/li>\n<li><strong>DIGITALITZACI\u00d3 DE FACTURES<\/strong><br \/>\nSoftware de digitalitzaci\u00f3 de factures. Importaci\u00f3 de fitxers a facturaci\u00f3 o comptabilitat, mitjan\u00e7ant fotografia des del tel\u00e8fon o tauleta. Validat per l&#8217;ag\u00e8ncia tribut\u00e0ria.<\/li>\n<li><strong>NOTIFICACIONS<\/strong><br \/>\nGesti\u00f3 de la recepci\u00f3 i obertura de notificacions d&#8217;AEAT i Seguretat social per part del despatx i av\u00eds al client d&#8217;aquesta notificaci\u00f3.<\/li>\n<li><strong>INFORME RATIOS (AN\u00c0LISI BALAN\u00c7OS)<\/strong><br \/>\nInforme ratios (Finsit), mitjan\u00e7ant software amb KPI&#8217;s, generem informe de ratios comptables i financers de la pime.<\/li>\n<\/ul>\n                    <\/div>\n\n                <\/div>\n\n                        <div class=\"pricing-tables-description\">\n                <div class=\"max-width\">\n                                    <\/div>\n            <\/div>\n        <\/div>\n      \n    <\/div>\n    \n    \n    \n    \n    <\/div>\n<\/div><\/div>\n<\/div><\/div>\n\n\n\n<div style=\"height:30px\" aria-hidden=\"true\" id=\"contratar\" class=\"wp-block-spacer\"><\/div>\n\n\n\n<p><\/p>\n<\/div><\/div>\n\n\n\n<div class=\"wp-block-group max-width\"><div class=\"wp-block-group__inner-container is-layout-flow wp-block-group-is-layout-flow\">\n<h2 class=\"has-text-align-center wp-block-heading\">Vols que contactem amb tu?<\/h2>\n\n\n\n<p class=\"has-text-align-center has-medium-font-size\"><strong>T. 93 758 99 99<br><a class=\"rank-math-link rank-math-link\" href=\"mailto:info@easygest.com\">info@easygest.es<\/a><\/strong><\/p>\n\n\n\n<div style=\"height:10px\" aria-hidden=\"true\" class=\"wp-block-spacer\"><\/div>\n\n\n\n<div class=\"wpcf7 no-js\" id=\"wpcf7-f893-o1\" lang=\"ca\" dir=\"ltr\" data-wpcf7-id=\"893\">\n<div class=\"screen-reader-response\"><p role=\"status\" aria-live=\"polite\" aria-atomic=\"true\"><\/p> <ul><\/ul><\/div>\n<form action=\"\/ca\/wp-json\/wp\/v2\/pages\/941#wpcf7-f893-o1\" method=\"post\" class=\"wpcf7-form init\" aria-label=\"Formulari de contacte\" novalidate=\"novalidate\" data-status=\"init\">\n<fieldset class=\"hidden-fields-container\"><input type=\"hidden\" name=\"_wpcf7\" value=\"893\" \/><input type=\"hidden\" name=\"_wpcf7_version\" value=\"6.1.4\" \/><input type=\"hidden\" name=\"_wpcf7_locale\" value=\"ca\" \/><input type=\"hidden\" name=\"_wpcf7_unit_tag\" value=\"wpcf7-f893-o1\" \/><input type=\"hidden\" name=\"_wpcf7_container_post\" value=\"0\" \/><input type=\"hidden\" name=\"_wpcf7_posted_data_hash\" value=\"\" \/><input type=\"hidden\" name=\"_wpcf7_recaptcha_response\" value=\"\" \/>\n<\/fieldset>\n<input class=\"wpcf7-form-control wpcf7-hidden\" value=\"Contacte\" type=\"hidden\" name=\"your-subject\" \/>\n<div class=\"flex-row cols-2\">\n\t<div class=\"col\">\n\t\t<p><label> El teu nom (obligatori)<br \/>\n<span class=\"wpcf7-form-control-wrap\" data-name=\"your-name\"><input size=\"40\" maxlength=\"400\" class=\"wpcf7-form-control wpcf7-text wpcf7-validates-as-required\" aria-required=\"true\" aria-invalid=\"false\" value=\"\" type=\"text\" name=\"your-name\" \/><\/span> <\/label>\n\t\t<\/p>\n\t<\/div>\n\t<div class=\"col\">\n\t\t<p><label> El teu email (obligatori)<br \/>\n<span class=\"wpcf7-form-control-wrap\" data-name=\"your-email\"><input size=\"40\" maxlength=\"400\" class=\"wpcf7-form-control wpcf7-email wpcf7-validates-as-required wpcf7-text wpcf7-validates-as-email\" aria-required=\"true\" aria-invalid=\"false\" value=\"\" type=\"email\" name=\"your-email\" \/><\/span> <\/label>\n\t\t<\/p>\n\t<\/div>\n<\/div>\n<div class=\"flex-row cols-2\">\n\t<div class=\"col\">\n\t\t<p><label> Empresa<br \/>\n<span class=\"wpcf7-form-control-wrap\" data-name=\"your-company\"><input size=\"40\" maxlength=\"400\" class=\"wpcf7-form-control wpcf7-text\" aria-invalid=\"false\" value=\"\" type=\"text\" name=\"your-company\" \/><\/span> <\/label>\n\t\t<\/p>\n\t<\/div>\n\t<div class=\"col\">\n\t\t<p><label> Tel\u00e8fon<br \/>\n<span class=\"wpcf7-form-control-wrap\" data-name=\"your-phone\"><input size=\"40\" maxlength=\"400\" class=\"wpcf7-form-control wpcf7-text\" aria-invalid=\"false\" value=\"\" type=\"text\" name=\"your-phone\" \/><\/span> <\/label>\n\t\t<\/p>\n\t<\/div>\n<\/div>\n<div class=\"flex-row cols-1\">\n\t<div class=\"col\">\n\t\t<p><label> Missatge<br \/>\n<span class=\"wpcf7-form-control-wrap\" data-name=\"your-message\"><textarea cols=\"40\" rows=\"10\" maxlength=\"2000\" class=\"wpcf7-form-control wpcf7-textarea\" aria-invalid=\"false\" name=\"your-message\"><\/textarea><\/span> <\/label>\n\t\t<\/p>\n\t<\/div>\n<\/div>\n<p><p class=\"accept-politcy\"><span class=\"wpcf7-form-control-wrap acceptance-848\"><span class=\"wpcf7-form-control wpcf7-acceptance\"><span class=\"wpcf7-list-item\"><input type=\"checkbox\" name=\"acceptance-848\" value=\"1\" aria-invalid=\"false\"><\/span><\/span><\/span>Accepto la <a rel=\"nofollow\" href=\"https:\/\/easygest.es\/ca\/politica-privacidad\/\" target=\"_blank\">Pol\u00edtica de privacitat<\/a> <\/p><br \/>\n<input class=\"wpcf7-form-control wpcf7-submit has-spinner\" type=\"submit\" value=\"Envia\" \/>\n<\/p><div class=\"wpcf7-response-output\" aria-hidden=\"true\"><\/div>\n<\/form>\n<\/div>\n\n\n\n\n<div style=\"height:33px\" aria-hidden=\"true\" class=\"wp-block-spacer\"><\/div>\n\n\n\n<p class=\"has-text-color has-small-font-size\" style=\"color:#0067a0\">Los USUARIOS, mediante la marcaci\u00f3n de las casillas correspondientes y la entrada de datos en los campos, marcados con un asterisco (*) en el formulario de contacto o presentados en formularios de descarga, aceptan expresamente y de forma libre e inequ\u00edvoca, que sus datos son necesarios para atender su petici\u00f3n, por parte del prestador, siendo voluntaria la inclusi\u00f3n de datos en los campos restantes. El USUARIO garantiza que los datos personales facilitados al RESPONSABLE son veraces y se hace responsable de comunicar cualquier modificaci\u00f3n de los mismos.<br>El RESPONSABLE informa de que todos los datos solicitados a trav\u00e9s del sitio web son obligatorios, ya que son necesarios para la prestaci\u00f3n de un servicio \u00f3ptimo al USUARIO. En caso de que no se faciliten todos los datos, no se garantiza que la informaci\u00f3n y servicios facilitados sean completamente ajustados a sus necesidades.<\/p>\n<\/div><\/div>\n","protected":false},"excerpt":{"rendered":"<p>La gesti\u00f3 A trav\u00e9s d&#8217;una aplicaci\u00f3 col\u00b7laborativa estem connectats a tu. En aquest entorn digital podr\u00e0s pujar les factures. Tot en el n\u00favol Tindr\u00e0s el control de la comptabilitat i [&hellip;]<\/p>\n","protected":false},"author":1,"featured_media":0,"parent":0,"menu_order":0,"comment_status":"closed","ping_status":"closed","template":"template-landing.php","meta":{"inline_featured_image":false,"footnotes":""},"class_list":["post-941","page","type-page","status-publish","hentry"],"_links":{"self":[{"href":"https:\/\/easygest.es\/ca\/wp-json\/wp\/v2\/pages\/941","targetHints":{"allow":["GET"]}}],"collection":[{"href":"https:\/\/easygest.es\/ca\/wp-json\/wp\/v2\/pages"}],"about":[{"href":"https:\/\/easygest.es\/ca\/wp-json\/wp\/v2\/types\/page"}],"author":[{"embeddable":true,"href":"https:\/\/easygest.es\/ca\/wp-json\/wp\/v2\/users\/1"}],"replies":[{"embeddable":true,"href":"https:\/\/easygest.es\/ca\/wp-json\/wp\/v2\/comments?post=941"}],"version-history":[{"count":1,"href":"https:\/\/easygest.es\/ca\/wp-json\/wp\/v2\/pages\/941\/revisions"}],"predecessor-version":[{"id":951,"href":"https:\/\/easygest.es\/ca\/wp-json\/wp\/v2\/pages\/941\/revisions\/951"}],"wp:attachment":[{"href":"https:\/\/easygest.es\/ca\/wp-json\/wp\/v2\/media?parent=941"}],"curies":[{"name":"wp","href":"https:\/\/api.w.org\/{rel}","templated":true}]}}