{"id":822,"date":"2020-05-12T09:09:01","date_gmt":"2020-05-12T09:09:01","guid":{"rendered":"https:\/\/easygest.es\/accesos\/"},"modified":"2021-06-23T08:26:26","modified_gmt":"2021-06-23T08:26:26","slug":"accesos","status":"publish","type":"page","link":"https:\/\/easygest.es\/ca\/accesos\/","title":{"rendered":"Inicia sessi\u00f3"},"content":{"rendered":"\n<div style=\"height:74px\" aria-hidden=\"true\" class=\"wp-block-spacer\"><\/div>\n\n\n\n<div class=\"wp-block-columns is-layout-flex wp-container-core-columns-is-layout-9d6595d7 wp-block-columns-is-layout-flex\">\n<div class=\"wp-block-column columna-inicia is-layout-flow wp-block-column-is-layout-flow\">\n<figure class=\"wp-block-image size-full is-resized\"><img loading=\"lazy\" decoding=\"async\" src=\"http:\/\/easygest.es\/wp-content\/uploads\/2020\/05\/a3doccloud-logo.jpg\" alt=\"\" class=\"wp-image-222\" width=\"189\" height=\"40\" srcset=\"https:\/\/easygest.es\/wp-content\/uploads\/2020\/05\/a3doccloud-logo.jpg 377w, https:\/\/easygest.es\/wp-content\/uploads\/2020\/05\/a3doccloud-logo-300x64.jpg 300w\" sizes=\"auto, (max-width: 189px) 100vw, 189px\" \/><\/figure>\n\n\n\n<div style=\"height:20px\" aria-hidden=\"true\" class=\"wp-block-spacer\"><\/div>\n\n\n\n<p class=\"has-text-align-left flex-grow-1 has-medium-font-size\">Gesti\u00f3 documental col\u00b7laborativa<\/p>\n\n\n\n<div style=\"height:20px\" aria-hidden=\"true\" class=\"wp-block-spacer\"><\/div>\n\n\n\n<div class=\"wp-block-button alignleft content-button\"><a class=\"wp-block-button__link\" href=\"https:\/\/a3doc.wolterskluwer.es\/sign-in\" target=\"_blank\" rel=\"noopener\">Entra<\/a><\/div>\n\n\n\n<div style=\"height:70px\" aria-hidden=\"true\" class=\"wp-block-spacer\"><\/div>\n<\/div>\n\n\n\n<div class=\"wp-block-column columna-inicia is-layout-flow wp-block-column-is-layout-flow\">\n<figure class=\"wp-block-image size-full is-resized\"><img loading=\"lazy\" decoding=\"async\" src=\"http:\/\/easygest.es\/wp-content\/uploads\/2020\/05\/a3-factura-logo.jpg\" alt=\"\" class=\"wp-image-223\" width=\"189\" height=\"40\" srcset=\"https:\/\/easygest.es\/wp-content\/uploads\/2020\/05\/a3-factura-logo.jpg 377w, https:\/\/easygest.es\/wp-content\/uploads\/2020\/05\/a3-factura-logo-300x64.jpg 300w\" sizes=\"auto, (max-width: 189px) 100vw, 189px\" \/><\/figure>\n\n\n\n<div style=\"height:20px\" aria-hidden=\"true\" class=\"wp-block-spacer\"><\/div>\n\n\n\n<p class=\"has-text-align-left flex-grow-1 has-medium-font-size\">Facturaci\u00f3 online per a Pimes y Aut\u00f2noms<\/p>\n\n\n\n<div style=\"height:20px\" aria-hidden=\"true\" class=\"wp-block-spacer\"><\/div>\n\n\n\n<div class=\"wp-block-button alignleft content-button\"><a class=\"wp-block-button__link\" href=\"https:\/\/a3factura-app.wolterskluwer.es\" target=\"_blank\" rel=\"noopener\">Entra<\/a><\/div>\n\n\n\n<div style=\"height:70px\" aria-hidden=\"true\" class=\"wp-block-spacer\"><\/div>\n<\/div>\n\n\n\n<div class=\"wp-block-column columna-inicia is-layout-flow wp-block-column-is-layout-flow\">\n<figure class=\"wp-block-image size-full is-resized\"><img loading=\"lazy\" decoding=\"async\" src=\"http:\/\/easygest.es\/wp-content\/uploads\/2020\/05\/a3hrgo-logo.jpg\" alt=\"\" class=\"wp-image-224\" width=\"189\" height=\"40\" srcset=\"https:\/\/easygest.es\/wp-content\/uploads\/2020\/05\/a3hrgo-logo.jpg 377w, https:\/\/easygest.es\/wp-content\/uploads\/2020\/05\/a3hrgo-logo-300x64.jpg 300w\" sizes=\"auto, (max-width: 189px) 100vw, 189px\" \/><\/figure>\n\n\n\n<div style=\"height:20px\" aria-hidden=\"true\" class=\"wp-block-spacer\"><\/div>\n\n\n\n<p class=\"has-text-align-left flex-grow-1 has-medium-font-size\">\u00c0rea del treballador<\/p>\n\n\n\n<div style=\"height:20px\" aria-hidden=\"true\" class=\"wp-block-spacer\"><\/div>\n\n\n\n<div class=\"wp-block-button alignleft content-button\"><a class=\"wp-block-button__link\" href=\"https:\/\/elrengleconsultors.a3hrgo.com\" target=\"_blank\" rel=\"noopener\">Entra<\/a><\/div>\n\n\n\n<div style=\"height:70px\" aria-hidden=\"true\" class=\"wp-block-spacer\"><\/div>\n<\/div>\n<\/div>\n\n\n\n<div class=\"wp-block-columns is-layout-flex wp-container-core-columns-is-layout-9d6595d7 wp-block-columns-is-layout-flex\">\n<div class=\"wp-block-column columna-inicia is-layout-flow wp-block-column-is-layout-flow\">\n<figure class=\"wp-block-image size-large is-resized\"><img loading=\"lazy\" decoding=\"async\" src=\"http:\/\/easygest.es\/wp-content\/uploads\/2020\/05\/a3innuva-logo-300x64-1.jpg\" alt=\"\" class=\"wp-image-255\" width=\"225\" height=\"48\"\/><\/figure>\n\n\n\n<div style=\"height:20px\" aria-hidden=\"true\" class=\"wp-block-spacer\"><\/div>\n\n\n\n<p class=\"has-text-align-left flex-grow-1 has-medium-font-size\">Accedeix a la teva  comptabilitat<\/p>\n\n\n\n<div style=\"height:20px\" aria-hidden=\"true\" class=\"wp-block-spacer\"><\/div>\n\n\n\n<div class=\"wp-block-button alignleft content-button\"><a class=\"wp-block-button__link\" href=\"https:\/\/login.wolterskluwercloud.com\/auth\/core\/login?signin=5bca7337adb86c364f04fe763192ec78&amp;client_id=WK.ES.NEWPOL\" target=\"_blank\" rel=\"noopener\">Entra<\/a><\/div>\n\n\n\n<div style=\"height:70px\" aria-hidden=\"true\" class=\"wp-block-spacer\"><\/div>\n<\/div>\n\n\n\n<div class=\"wp-block-column columna-inicia is-layout-flow wp-block-column-is-layout-flow\"><\/div>\n\n\n\n<div class=\"wp-block-column columna-inicia is-layout-flow wp-block-column-is-layout-flow\"><\/div>\n<\/div>\n","protected":false},"excerpt":{"rendered":"<p>Gesti\u00f3 documental col\u00b7laborativa Facturaci\u00f3 online per a Pimes y Aut\u00f2noms \u00c0rea del treballador Accedeix a la teva comptabilitat<\/p>\n","protected":false},"author":1,"featured_media":0,"parent":0,"menu_order":0,"comment_status":"closed","ping_status":"closed","template":"","meta":{"inline_featured_image":false,"footnotes":""},"class_list":["post-822","page","type-page","status-publish","hentry"],"_links":{"self":[{"href":"https:\/\/easygest.es\/ca\/wp-json\/wp\/v2\/pages\/822","targetHints":{"allow":["GET"]}}],"collection":[{"href":"https:\/\/easygest.es\/ca\/wp-json\/wp\/v2\/pages"}],"about":[{"href":"https:\/\/easygest.es\/ca\/wp-json\/wp\/v2\/types\/page"}],"author":[{"embeddable":true,"href":"https:\/\/easygest.es\/ca\/wp-json\/wp\/v2\/users\/1"}],"replies":[{"embeddable":true,"href":"https:\/\/easygest.es\/ca\/wp-json\/wp\/v2\/comments?post=822"}],"version-history":[{"count":4,"href":"https:\/\/easygest.es\/ca\/wp-json\/wp\/v2\/pages\/822\/revisions"}],"predecessor-version":[{"id":972,"href":"https:\/\/easygest.es\/ca\/wp-json\/wp\/v2\/pages\/822\/revisions\/972"}],"wp:attachment":[{"href":"https:\/\/easygest.es\/ca\/wp-json\/wp\/v2\/media?parent=822"}],"curies":[{"name":"wp","href":"https:\/\/api.w.org\/{rel}","templated":true}]}}