{"id":801,"date":"2020-03-16T09:36:11","date_gmt":"2020-03-16T09:36:11","guid":{"rendered":"https:\/\/easygest.es\/ayuda\/"},"modified":"2021-02-01T15:04:44","modified_gmt":"2021-02-01T15:04:44","slug":"ayuda","status":"publish","type":"page","link":"https:\/\/easygest.es\/ca\/ayuda\/","title":{"rendered":"Ajuda"},"content":{"rendered":"\n<div style=\"height:69px\" aria-hidden=\"true\" class=\"wp-block-spacer\"><\/div>\n\n\n<div id=\"rank-math-faq\" class=\"rank-math-block\">\n<div class=\"rank-math-list \">\n<div id=\"faq-question-1584371896351\" class=\"rank-math-list-item\">\n<h3 class=\"rank-math-question \">\u00c9s possible treballar amb una assessoria online?<\/h3>\n<div class=\"rank-math-answer \">\n\n<p>Amb les eines tecnol\u00f2giques que disposem \u00e9s totalment possible i eficient gestionar totes les obligacions, fiscals, comptables i laborals mitjan\u00e7ant una assessoria online. Disposem de software especialitzat tant per assessories com per clients, amb el que, mitjan\u00e7ant un entorn col\u00b7laboratiu, podem estar treballant a la vegada, en directe i amb una comunicaci\u00f3 constant entre el client i l&#8217;assessor. <\/p>\n\n<\/div>\n<\/div>\n<div id=\"faq-question-1584371921343\" class=\"rank-math-list-item\">\n<h3 class=\"rank-math-question \">Com es gestionen les obligacions dels aut\u00f2noms y pimes?<\/h3>\n<div class=\"rank-math-answer \">\n\n<p>Totes les presentacions a organismes p\u00fablics es gestionen de forma telem\u00e0tica amb els certificats digitals de l&#8217;assessoria. Per a pimes i la majoria d&#8217;organismes tota comunicaci\u00f3 amb l&#8217;administraci\u00f3 \u00e9s obligat\u00f2riament en format telem\u00e0tic, en els aut\u00f2noms, en canvi, \u00e9s opcional.<br \/>Totes les gestions amb Ag\u00e8ncia Tribut\u00e0ria, Tresoreria General de la Seguretat Social, Comunitats Aut\u00f2nomes, Ajuntaments, DGT, Diputaci\u00f3, entre d&#8217;altres, tenen seu electr\u00f2nica per a poder realitzar totes les gestions en format digital.<\/p>\n\n<\/div>\n<\/div>\n<div id=\"faq-question-1584371956107\" class=\"rank-math-list-item\">\n<h3 class=\"rank-math-question \">He de preocupar-me per les notificacions? <\/h3>\n<div class=\"rank-math-answer \">\n\n<p>Oferim tarifes per aut\u00f2noms i per a pimes on a trav\u00e9s d&#8217;un software especialitzat podem gestionar totes les notificacions amb un \u00fanic portal i enviar-les di\u00e0riament als nostres clients.<\/p>\n\n<\/div>\n<\/div>\n<div id=\"faq-question-1584371956731\" class=\"rank-math-list-item\">\n<h3 class=\"rank-math-question \">Com estem al dia a nivell informatiu de l&#8217;evoluci\u00f3 dels nostres negocis?<\/h3>\n<div class=\"rank-math-answer \">\n\n<p>Posem a disposici\u00f3 dels nostres clients l&#8217;acc\u00e9s web a programes comptables on poden veure les dades econ\u00f2miques de les seves activitats, utilitzant un format col\u00b7laboratiu on el client i els assessors estan sempre comunicats.<\/p>\n\n<\/div>\n<\/div>\n<div id=\"faq-question-1584371958709\" class=\"rank-math-list-item\">\n<h3 class=\"rank-math-question \">Puc tenir una reuni\u00f3 amb el meu assessor?<\/h3>\n<div class=\"rank-math-answer \">\n\n<p>S\u00ed, dins les tarifes hi ha opcions per a poder tenir reunions peri\u00f2diques client-assessor per videoconfer\u00e8ncia.<\/p>\n\n<\/div>\n<\/div>\n<\/div>\n<\/div>","protected":false},"excerpt":{"rendered":"","protected":false},"author":1,"featured_media":0,"parent":0,"menu_order":0,"comment_status":"closed","ping_status":"closed","template":"","meta":{"inline_featured_image":false,"footnotes":""},"class_list":["post-801","page","type-page","status-publish","hentry"],"_links":{"self":[{"href":"https:\/\/easygest.es\/ca\/wp-json\/wp\/v2\/pages\/801","targetHints":{"allow":["GET"]}}],"collection":[{"href":"https:\/\/easygest.es\/ca\/wp-json\/wp\/v2\/pages"}],"about":[{"href":"https:\/\/easygest.es\/ca\/wp-json\/wp\/v2\/types\/page"}],"author":[{"embeddable":true,"href":"https:\/\/easygest.es\/ca\/wp-json\/wp\/v2\/users\/1"}],"replies":[{"embeddable":true,"href":"https:\/\/easygest.es\/ca\/wp-json\/wp\/v2\/comments?post=801"}],"version-history":[{"count":1,"href":"https:\/\/easygest.es\/ca\/wp-json\/wp\/v2\/pages\/801\/revisions"}],"predecessor-version":[{"id":805,"href":"https:\/\/easygest.es\/ca\/wp-json\/wp\/v2\/pages\/801\/revisions\/805"}],"wp:attachment":[{"href":"https:\/\/easygest.es\/ca\/wp-json\/wp\/v2\/media?parent=801"}],"curies":[{"name":"wp","href":"https:\/\/api.w.org\/{rel}","templated":true}]}}