{"id":825,"date":"2020-03-16T09:11:50","date_gmt":"2020-03-16T09:11:50","guid":{"rendered":"https:\/\/easygest.es\/asesoria-online\/"},"modified":"2021-02-03T08:05:13","modified_gmt":"2021-02-03T08:05:13","slug":"asesoria-online","status":"publish","type":"page","link":"http:\/\/easygest.es\/ca\/","title":{"rendered":"Inici"},"content":{"rendered":"\n<h2 class=\"has-text-align-center wp-block-heading\">Immediat, f\u00e0cil i efica\u00e7<\/h2>\n\n\n\n<p class=\"has-text-align-center has-medium-font-size\">Mai havia estat tan senzill gestionar la teva empresa<\/p>\n\n\n<div class=\"servicio-wrapper\">\r\n    <div class=\"servicios-list\">\r\n                    <div id=\"Assessoria\" class=\"servicio active\">\r\n                    <img loading=\"lazy\" decoding=\"async\" width=\"93\" height=\"92\" src=\"http:\/\/easygest.es\/wp-content\/uploads\/2020\/04\/Group-5.svg\" class=\"thumb\" alt=\"\" \/>                    <p class=\"title\">Assessoria<\/p>\r\n                <\/div>\r\n                            <div id=\"Comptable\" class=\"servicio \">\r\n                    <img loading=\"lazy\" decoding=\"async\" width=\"69\" height=\"83\" src=\"http:\/\/easygest.es\/wp-content\/uploads\/2020\/04\/Group-7.svg\" class=\"thumb\" alt=\"\" \/>                    <p class=\"title\">Comptable<\/p>\r\n                <\/div>\r\n                            <div id=\"Fiscal\" class=\"servicio \">\r\n                    <img loading=\"lazy\" decoding=\"async\" width=\"81\" height=\"81\" src=\"http:\/\/easygest.es\/wp-content\/uploads\/2020\/04\/Group-4.svg\" class=\"thumb\" alt=\"\" \/>                    <p class=\"title\">Fiscal<\/p>\r\n                <\/div>\r\n                            <div id=\"Laboral\" class=\"servicio \">\r\n                    <img loading=\"lazy\" decoding=\"async\" width=\"83\" height=\"83\" src=\"http:\/\/easygest.es\/wp-content\/uploads\/2020\/04\/Group-6.svg\" class=\"thumb\" alt=\"\" \/>                    <p class=\"title\">Laboral<\/p>\r\n                <\/div>\r\n                <\/div>\r\n    <div class=\"servicios-description\">\r\n                    <div id=\"Assessoria-description\" class=\"servicio-description active\">\r\n                    <h3 style=\"text-align: center\">Atenci\u00f3 i assessoria personalitzada<\/h3>\n<p style=\"text-align: center\">Oferim una atenci\u00f3 completament digital i personalitzada a cada client. Ens adaptem a les teves necessitats. Els clients tenen l\u00ednia online amb els nostres professionals, donant una resposta r\u00e0pida a totes les consultes i sol\u00b7licituds. Informem de les novetats i fem un seguiment personalitzat dels impostos i resultats d'empresa.<\/p>\n                <\/div>\r\n                            <div id=\"Comptable-description\" class=\"servicio-description \">\r\n                    <h3 style=\"text-align: center\">Volem ser una extensi\u00f3 m\u00e9s de la teva empresa<\/h3>\n<p style=\"text-align: center\">Confeccionem la comptabilitat dels nostres clients o donem suport al seu departament comptable. Busquem mostrar una imatge fidel de l'empresa i que al mateix temps sigui atractiva per bancs o tercers. Ens reunim amb tu peri\u00f2dicament perqu\u00e8 coneguis la situaci\u00f3 exacta de la teva empresa.<\/p>\n                <\/div>\r\n                            <div id=\"Fiscal-description\" class=\"servicio-description \">\r\n                    <h3 style=\"text-align: center\">Inici d'activitat i obligacions fiscals<\/h3>\n<p id=\"tw-target-text\" class=\"tw-data-text tw-text-large tw-ta\" style=\"text-align: center\" data-placeholder=\"Traducci\u00f3\"><span lang=\"es\">Som un punt PAE (Punt d'Atenci\u00f3 a l'Emprenedor) que donem assessorament als emprenedors que volen iniciar una activitat o negoci. Gestionem tots els tr\u00e0mits per iniciar la teva activitat. T'ajudem a complir totes les obligacions fiscals i t'assessorem per optimitzar els teus impostos.<\/span><\/p>\n                <\/div>\r\n                            <div id=\"Laboral-description\" class=\"servicio-description \">\r\n                    <h3 style=\"text-align: center\">T'ajudem en el dia a dia de la teva empresa<\/h3>\n<p style=\"text-align: center\">T'assessorem en les diferents opcions de contractes de treball i possibles bonificacions. Estudi del cost del personal de la teva empresa. Confecci\u00f3 de les n\u00f2mines i assegurances socials. T'ajudem en el compliment de les obligacions laborals.<\/p>\n                <\/div>\r\n                <\/div>\r\n<\/div>\n\n\n\n<div style=\"height:100px\" aria-hidden=\"true\" class=\"wp-block-spacer hide-mobile\"><\/div>\n\n\n\n<h2 class=\"has-text-align-center wp-block-heading\">Casos d&#8217;\u00e8xit<\/h2>\n\n\n\n<p class=\"has-text-align-center has-medium-font-size\">Qu\u00e8 diuen del nostre servei?<\/p>\n\n\n<div class=\"slider-wrap\">\r\n\r\n  \r\n<div class=\"slider\">\r\n    <div class=\"arrows\">\r\n        <div id=\"prev-slide\">\r\n            <img loading=\"lazy\" decoding=\"async\" width=\"80\" height=\"80\" src=\"http:\/\/easygest.es\/wp-content\/uploads\/2020\/04\/prev.png\" class=\"arrow\" alt=\"\" \/>        <\/div>\r\n        <div id=\"next-slide\">\r\n            <img loading=\"lazy\" decoding=\"async\" width=\"80\" height=\"80\" src=\"http:\/\/easygest.es\/wp-content\/uploads\/2020\/04\/next.png\" class=\"arrow\" alt=\"\" \/>        <\/div>\r\n    <\/div>\r\n            <div class=\"inner\">\r\n\r\n\r\n\r\n\r\n\r\n        <div class=\"slide\">\r\n\r\n\r\n            <div class=\"caso-exito\">\r\n                <div class=\"img\"><img loading=\"lazy\" decoding=\"async\" width=\"500\" height=\"500\" src=\"http:\/\/easygest.es\/wp-content\/uploads\/2020\/03\/joana.jpg\" class=\"attachment-post-thumbnail size-post-thumbnail wp-post-image\" alt=\"\" srcset=\"http:\/\/easygest.es\/wp-content\/uploads\/2020\/03\/joana.jpg 500w, http:\/\/easygest.es\/wp-content\/uploads\/2020\/03\/joana-300x300.jpg 300w, http:\/\/easygest.es\/wp-content\/uploads\/2020\/03\/joana-100x100.jpg 100w, http:\/\/easygest.es\/wp-content\/uploads\/2020\/03\/joana-150x150.jpg 150w\" sizes=\"auto, (max-width: 500px) 100vw, 500px\" \/><\/div>\r\n                <p class=\"title\">Joana Martin<\/p>\r\n                <p class=\"empresa\">Advocada Laboralista<\/p>\r\n                <div class=\"text\">\r\n                    \n<p>\u201cAmb EasyGest hem trobat el partner perfecte per la seva flexibilitat, agilitat i professionalitat. Per nosaltres no \u00e9s nom\u00e9s una gestoria, \u00e9s un assessor proper i de confian\u00e7a de l&#8217;\u00e0mbit empresarial i en tots els nivells&#8221;.<\/p>\n                <\/div>\r\n            <\/div>\r\n\r\n\r\n\r\n        <\/div>\r\n\r\n\r\n\r\n\r\n\r\n\r\n\r\n\r\n\r\n\r\n\r\n\r\n\r\n\r\n\r\n\r\n\r\n\r\n\r\n\r\n\r\n\r\n    \r\n\r\n\r\n        <div class=\"slide\">\r\n\r\n\r\n            <div class=\"caso-exito\">\r\n                <div class=\"img\"><img loading=\"lazy\" decoding=\"async\" width=\"500\" height=\"500\" src=\"http:\/\/easygest.es\/wp-content\/uploads\/2020\/05\/victor.jpg\" class=\"attachment-post-thumbnail size-post-thumbnail wp-post-image\" alt=\"\" srcset=\"http:\/\/easygest.es\/wp-content\/uploads\/2020\/05\/victor.jpg 500w, http:\/\/easygest.es\/wp-content\/uploads\/2020\/05\/victor-300x300.jpg 300w, http:\/\/easygest.es\/wp-content\/uploads\/2020\/05\/victor-100x100.jpg 100w, http:\/\/easygest.es\/wp-content\/uploads\/2020\/05\/victor-150x150.jpg 150w\" sizes=\"auto, (max-width: 500px) 100vw, 500px\" \/><\/div>\r\n                <p class=\"title\">V\u00edctor Subirana<\/p>\r\n                <p class=\"empresa\">DOC - Disseny digital<\/p>\r\n                <div class=\"text\">\r\n                    \n<p>\u201cEasyGest \u00e9s per nosaltres l&#8217;opci\u00f3 definitiva per a la gesti\u00f3 fiscal de la nostra empresa. Proactius i assessoria diferencial&#8221;. <\/p>\n                <\/div>\r\n            <\/div>\r\n\r\n\r\n\r\n        <\/div>\r\n\r\n\r\n\r\n\r\n\r\n\r\n\r\n\r\n\r\n\r\n\r\n\r\n\r\n\r\n\r\n\r\n\r\n\r\n\r\n\r\n\r\n\r\n    \r\n\r\n\r\n        <div class=\"slide\">\r\n\r\n\r\n            <div class=\"caso-exito\">\r\n                <div class=\"img\"><img loading=\"lazy\" decoding=\"async\" width=\"500\" height=\"500\" src=\"http:\/\/easygest.es\/wp-content\/uploads\/2020\/05\/JORDI-FRAXANET-DEF.jpg\" class=\"attachment-post-thumbnail size-post-thumbnail wp-post-image\" alt=\"\" srcset=\"http:\/\/easygest.es\/wp-content\/uploads\/2020\/05\/JORDI-FRAXANET-DEF.jpg 500w, http:\/\/easygest.es\/wp-content\/uploads\/2020\/05\/JORDI-FRAXANET-DEF-300x300.jpg 300w, http:\/\/easygest.es\/wp-content\/uploads\/2020\/05\/JORDI-FRAXANET-DEF-100x100.jpg 100w, http:\/\/easygest.es\/wp-content\/uploads\/2020\/05\/JORDI-FRAXANET-DEF-150x150.jpg 150w\" sizes=\"auto, (max-width: 500px) 100vw, 500px\" \/><\/div>\r\n                <p class=\"title\">Jordi Fraxanet<\/p>\r\n                <p class=\"empresa\">Assessor financer i comptable<\/p>\r\n                <div class=\"text\">\r\n                    \n<p>&#8220;El seu capital hum\u00e0 gaudeix de tota la meva confian\u00e7a per la seva responsabilitat. Recomano treballar amb ells a qualsevol professional o empresa&#8221;.<\/p>\n                <\/div>\r\n            <\/div>\r\n\r\n\r\n\r\n        <\/div>\r\n\r\n\r\n\r\n\r\n\r\n\r\n\r\n\r\n\r\n\r\n\r\n\r\n\r\n\r\n\r\n\r\n\r\n\r\n\r\n\r\n\r\n\r\n    \r\n\r\n\r\n        <div class=\"slide\">\r\n\r\n\r\n            <div class=\"caso-exito\">\r\n                <div class=\"img\"><img loading=\"lazy\" decoding=\"async\" width=\"500\" height=\"500\" src=\"http:\/\/easygest.es\/wp-content\/uploads\/2020\/05\/oriol-contreras.jpg\" class=\"attachment-post-thumbnail size-post-thumbnail wp-post-image\" alt=\"\" srcset=\"http:\/\/easygest.es\/wp-content\/uploads\/2020\/05\/oriol-contreras.jpg 500w, http:\/\/easygest.es\/wp-content\/uploads\/2020\/05\/oriol-contreras-300x300.jpg 300w, http:\/\/easygest.es\/wp-content\/uploads\/2020\/05\/oriol-contreras-100x100.jpg 100w, http:\/\/easygest.es\/wp-content\/uploads\/2020\/05\/oriol-contreras-150x150.jpg 150w\" sizes=\"auto, (max-width: 500px) 100vw, 500px\" \/><\/div>\r\n                <p class=\"title\">Oriol Contreras<\/p>\r\n                <p class=\"empresa\">Advocat especialitzat en consum<\/p>\r\n                <div class=\"text\">\r\n                    \n<p>&#8220;L&#8217;esfor\u00e7 de la col\u00b7laboraci\u00f3 professional \u00e9s millor amb EasyGest. \u00c9s una suma de sinergies que segur que el client agrair\u00e0&#8221;.<\/p>\n                <\/div>\r\n            <\/div>\r\n\r\n\r\n\r\n        <\/div>\r\n\r\n\r\n\r\n\r\n\r\n\r\n\r\n\r\n\r\n\r\n\r\n\r\n\r\n\r\n\r\n\r\n\r\n\r\n\r\n\r\n\r\n\r\n                <\/div>\r\n        <\/div>\r\n        <div class=\"navegacio\"><\/div>\r\n  \r\n    <\/div>\r\n\n\n\n\n<h2 class=\"has-text-align-center wp-block-heading\">Busques fiabilitat?<\/h2>\n\n\n\n<p class=\"has-text-align-center\">Pla Aut\u00f2nom b\u00e0sic:<\/p>\n\n\n\n<p class=\"has-text-align-center currency has-text-color has-huge-font-size\" style=\"color:#0067a0\"><strong>35\u20ac\/mes <\/strong><\/p>\n\n\n\n<p class=\"has-text-align-center\"><strong>Sense trampes! <\/strong><\/p>\n\n\n\n<p class=\"has-text-align-center\">Aquest preu \u00e9s per sempre. Et pots donar de baixa quan vulguis.<\/p>\n\n\n\n<div style=\"height:20px\" aria-hidden=\"true\" class=\"wp-block-spacer\"><\/div>\n\n\n\n<p class=\"has-text-align-center a-button\"><a class=\"rank-math-link rank-math-link\" href=\"http:\/\/easygest.es\/planes-y-precios\/\">Plans i preus<\/a><\/p>\n\n\n\n<div style=\"height:112px\" aria-hidden=\"true\" class=\"wp-block-spacer\"><\/div>\n\n\n\n","protected":false},"excerpt":{"rendered":"<p>Immediat, f\u00e0cil i efica\u00e7 Mai havia estat tan senzill gestionar la teva empresa Casos d&#8217;\u00e8xit Qu\u00e8 diuen del nostre servei? Busques fiabilitat? Pla Aut\u00f2nom b\u00e0sic: 35\u20ac\/mes Sense trampes! Aquest preu [&hellip;]<\/p>\n","protected":false},"author":1,"featured_media":0,"parent":0,"menu_order":0,"comment_status":"closed","ping_status":"closed","template":"template-inici.php","meta":{"inline_featured_image":false,"footnotes":""},"class_list":["post-825","page","type-page","status-publish","hentry"],"_links":{"self":[{"href":"http:\/\/easygest.es\/ca\/wp-json\/wp\/v2\/pages\/825","targetHints":{"allow":["GET"]}}],"collection":[{"href":"http:\/\/easygest.es\/ca\/wp-json\/wp\/v2\/pages"}],"about":[{"href":"http:\/\/easygest.es\/ca\/wp-json\/wp\/v2\/types\/page"}],"author":[{"embeddable":true,"href":"http:\/\/easygest.es\/ca\/wp-json\/wp\/v2\/users\/1"}],"replies":[{"embeddable":true,"href":"http:\/\/easygest.es\/ca\/wp-json\/wp\/v2\/comments?post=825"}],"version-history":[{"count":2,"href":"http:\/\/easygest.es\/ca\/wp-json\/wp\/v2\/pages\/825\/revisions"}],"predecessor-version":[{"id":878,"href":"http:\/\/easygest.es\/ca\/wp-json\/wp\/v2\/pages\/825\/revisions\/878"}],"wp:attachment":[{"href":"http:\/\/easygest.es\/ca\/wp-json\/wp\/v2\/media?parent=825"}],"curies":[{"name":"wp","href":"https:\/\/api.w.org\/{rel}","templated":true}]}}