{"id":797,"date":"2020-03-16T09:35:49","date_gmt":"2020-03-16T09:35:49","guid":{"rendered":"https:\/\/easygest.es\/caracteristicas\/"},"modified":"2021-02-02T15:01:54","modified_gmt":"2021-02-02T15:01:54","slug":"caracteristicas","status":"publish","type":"page","link":"http:\/\/easygest.es\/ca\/caracteristicas\/","title":{"rendered":"Com funciona?"},"content":{"rendered":"\n<div style=\"height:38px\" aria-hidden=\"true\" class=\"wp-block-spacer\"><\/div>\n\n\n\n<div class=\"wp-block-columns is-layout-flex wp-container-core-columns-is-layout-9d6595d7 wp-block-columns-is-layout-flex\">\n<div class=\"wp-block-column is-layout-flow wp-block-column-is-layout-flow\">\n<div class=\"wp-block-image\"><figure class=\"aligncenter size-large is-resized\"><img loading=\"lazy\" decoding=\"async\" src=\"http:\/\/easygest.es\/wp-content\/uploads\/2020\/03\/icon1.svg\" alt=\"\" class=\"wp-image-37\" width=\"69\" height=\"83\"\/><\/figure><\/div>\n\n\n\n<h3 class=\"has-text-align-center wp-block-heading\">La gesti\u00f3<\/h3>\n\n\n\n<p>A trav\u00e9s d&#8217;una aplicaci\u00f3 col\u00b7laborativa estem connectats a tu. En aquest entorn digital podr\u00e0s pujar les factures.<\/p>\n<\/div>\n\n\n\n<div class=\"wp-block-column is-layout-flow wp-block-column-is-layout-flow\">\n<div class=\"wp-block-image\"><figure class=\"aligncenter size-large is-resized\"><img loading=\"lazy\" decoding=\"async\" src=\"http:\/\/easygest.es\/wp-content\/uploads\/2020\/03\/icon2.svg\" alt=\"\" class=\"wp-image-35\" width=\"87\" height=\"87\"\/><\/figure><\/div>\n\n\n\n<h3 class=\"has-text-align-center wp-block-heading\">Tot en el n\u00favol<\/h3>\n\n\n\n<p>Tindr\u00e0s el control de la comptabilitat i fiscalitat del teu negoci les 24 hores del dia des de tot arreu.<\/p>\n<\/div>\n\n\n\n<div class=\"wp-block-column is-layout-flow wp-block-column-is-layout-flow\">\n<div class=\"wp-block-image\"><figure class=\"aligncenter size-large is-resized\"><img loading=\"lazy\" decoding=\"async\" src=\"http:\/\/easygest.es\/wp-content\/uploads\/2020\/03\/icon3.svg\" alt=\"\" class=\"wp-image-36\" width=\"83\" height=\"83\"\/><\/figure><\/div>\n\n\n\n<h3 class=\"has-text-align-center wp-block-heading\">Oblida&#8217;t<\/h3>\n\n\n\n<p>Som els millors interlocutors entre tu i les administracions p\u00fabliques. Preocupa&#8217;t del teu negoci i oblida&#8217;t de la resta de tr\u00e0mits.<\/p>\n<\/div>\n<\/div>\n\n\n\n<div style=\"height:58px\" aria-hidden=\"true\" class=\"wp-block-spacer\"><\/div>\n\n\n\n<h2 class=\"has-text-align-center wp-block-heading\">Especificacions<\/h2>\n\n\n\n<p class=\"has-text-align-center has-medium-font-size\">La paraula que ho resumeix tot \u00e9s flexibilitat<\/p>\n\n\n\n<div class=\"wp-block-columns is-layout-flex wp-container-core-columns-is-layout-9d6595d7 wp-block-columns-is-layout-flex\">\n<div class=\"wp-block-column is-layout-flow wp-block-column-is-layout-flow\">\n<h3 class=\"has-text-align-center wp-block-heading\">Fiscal<\/h3>\n\n\n\n<p>Confecci\u00f3 i presentaci\u00f3 d&#8217;impostos, assessorament fiscal, altes, baixes i variacions a hisenda i seguretat social d&#8217;aut\u00f2noms. Obligacions fiscals amb hisenda i altres organismes p\u00fablics. Mediadors i interlocutors entre el client i l&#8217;administraci\u00f3 p\u00fablica. Assessorar en la presentaci\u00f3 de recursos o inspeccions. Planificaci\u00f3 fiscal i constituci\u00f3 de societats. <\/p>\n<\/div>\n\n\n\n<div class=\"wp-block-column is-layout-flow wp-block-column-is-layout-flow\">\n<h3 class=\"has-text-align-center wp-block-heading\">Laboral<\/h3>\n\n\n\n<p>Altes i baixes d&#8217;empreses i aut\u00f2noms aix\u00ed com dels seus treballadors a la seguretat social, confecci\u00f3 de n\u00f2mines, assegurances socials, revisions de conveni. Assessorament i representaci\u00f3 en les inspeccions de treball, Cemac, control horari.<\/p>\n\n\n\n<p><\/p>\n<\/div>\n\n\n\n<div class=\"wp-block-column is-layout-flow wp-block-column-is-layout-flow\">\n<h3 class=\"has-text-align-center wp-block-heading\">Comptable<\/h3>\n\n\n\n<p>Assessorament comptable a empreses o aut\u00f2noms que porten la confecci\u00f3 o comptabilitat dels seus clients. An\u00e0lisi de balan\u00e7os i de la situaci\u00f3 de l&#8217;empresa. Presentaci\u00f3 de llibres oficials i comptes anuals, assessorament i presentaci\u00f3 de documentaci\u00f3 per a finan\u00e7aments.<\/p>\n<\/div>\n<\/div>\n\n\n\n<div style=\"height:58px\" aria-hidden=\"true\" class=\"wp-block-spacer\"><\/div>\n\n\n\n<h2 class=\"has-text-align-center wp-block-heading\">Quin \u00e9s el teu cas?<\/h2>\n\n\n\n<p class=\"has-text-align-center has-medium-font-size\">Ens adaptem a tu, no a l&#8217;inrev\u00e9s \u2026<\/p>\n\n\n\n<div style=\"height:32px\" aria-hidden=\"true\" class=\"wp-block-spacer\"><\/div>\n\n\n\n<div class=\"wp-block-columns is-layout-flex wp-container-core-columns-is-layout-9d6595d7 wp-block-columns-is-layout-flex\">\n<div class=\"wp-block-column is-layout-flow wp-block-column-is-layout-flow\">\n<p class=\"has-text-align-center has-text-color has-medium-font-size\" style=\"color:#0067a0\"><strong>Arnau Lleonart<\/strong><\/p>\n\n\n\n<p class=\"has-text-align-center has-text-color has-medium-font-size\" style=\"color:#12ffb8\"><strong>Arquitecte Aut\u00f2nom<\/strong><\/p>\n\n\n\n<p class=\"has-text-align-center\">&#8220;Rapidesa, solv\u00e8ncia i professionalitat en el tracte i la resposta. Justament en aquests temps dif\u00edcils han estat informant dia a dia de manera r\u00e0pida i eficient, no puc fer res m\u00e9s que recomanar-los com un equip de professionals excel\u00b7lent en l&#8217;\u00e0mbit fiscal i laboral&#8221;.<\/p>\n<\/div>\n\n\n\n<div class=\"wp-block-column is-layout-flow wp-block-column-is-layout-flow\">\n<p class=\"has-text-align-center has-text-color has-medium-font-size\" style=\"color:#0067a0\"><strong>Grupo Parera<\/strong><\/p>\n\n\n\n<p class=\"has-text-align-center has-text-color has-medium-font-size\" style=\"color:#12ffb8\"><strong>PIME<\/strong><\/p>\n\n\n\n<p>&#8220;S\u00f3c gerent d&#8217;un grup de restauraci\u00f3 i amb Easygest no he de pensar en les gestions de gestoria. Des del PC del meu despatx ho faig tot. S&#8217;han acabat els despla\u00e7aments i les p\u00e8rdues de temps&#8221;.<\/p>\n<\/div>\n\n\n\n<div class=\"wp-block-column is-layout-flow wp-block-column-is-layout-flow\">\n<p class=\"has-text-align-center has-text-color has-medium-font-size\" style=\"color:#0067a0\"><strong>Oriol Palau<\/strong><\/p>\n\n\n\n<p class=\"has-text-align-center has-text-color has-medium-font-size\" style=\"color:#12ffb8\"><strong>Biomec\u00e0nic Aut\u00f2nom<\/strong><\/p>\n\n\n\n<p>&#8220;S\u00f3c aut\u00f2nom i treballo de biomec\u00e0nic de ciclistes. L&#8217;aplicaci\u00f3 web d&#8217;Easygest t\u00e9 una interf\u00edcie r\u00e0pida i intu\u00eftiva amb la que pots controlar f\u00e0cilment la facturaci\u00f3 i despeses mensuals sense necessitat de contactar amb la gestoria per a fer tr\u00e0mits senzills. Ho recomano sense cap dubte!<\/p>\n<\/div>\n<\/div>\n\n\n\n<div class=\"wp-block-columns is-layout-flex wp-container-core-columns-is-layout-9d6595d7 wp-block-columns-is-layout-flex\">\n<div class=\"wp-block-column is-layout-flow wp-block-column-is-layout-flow\">\n<p class=\"has-text-align-center has-text-color has-medium-font-size\" style=\"color:#0067a0\"><strong>Col\u00b7legi Oficial d&#8217;Agents Comercials de Barcelona<\/strong><\/p>\n\n\n\n<p class=\"has-text-align-center has-text-color has-medium-font-size\" style=\"color:#12ffb8\"><strong>Instituci\u00f3<\/strong><\/p>\n\n\n\n<p class=\"has-text-align-center\">\u201cEasyGest s&#8217;ha convertit en un Partner estrat\u00e8gic del COACB, ofereixen un servei fiscal i laboral molt necessari en el col\u00b7lectiu professional&#8221;.<\/p>\n<\/div>\n\n\n\n<div class=\"wp-block-column is-layout-flow wp-block-column-is-layout-flow\">\n<p class=\"has-text-align-center has-text-color has-medium-font-size\" style=\"color:#0067a0\"><strong>Club esportiu<\/strong><\/p>\n\n\n\n<p class=\"has-text-align-center has-text-color has-medium-font-size\" style=\"color:#12ffb8\"><strong>Entitat<\/strong><\/p>\n\n\n\n<p class=\"has-text-align-center\">\u201cDirigeixo un club esportiu i gestiono tota la comptabilitat amb EasyGest. Per mi \u00e9s molt important la flu\u00efdesa i comoditat que ens proporciona, igual que l&#8217;efic\u00e0cia, serietat i professionalitat del seu personal. Imprescindible!&#8221;. <\/p>\n<\/div>\n\n\n\n<div class=\"wp-block-column is-layout-flow wp-block-column-is-layout-flow\">\n<p class=\"has-text-align-center has-text-color has-medium-font-size\" style=\"color:#0067a0\"><strong>Angel Lazaro<\/strong><\/p>\n\n\n\n<p class=\"has-text-align-center has-text-color has-medium-font-size\" style=\"color:#12ffb8\"><strong>Fisioterapeuta Aut\u00f2nom<\/strong><\/p>\n\n\n\n<p class=\"has-text-align-center\">\u201cS\u00f3c fisio i treballo en diverses consultes. Des que he dipositat la meva confian\u00e7a en vosaltres tota la informaci\u00f3 i gesti\u00f3 que he necessitat ha estat eficient. Esteu al dia en tot el que correspon al meu sector&#8221;.<\/p>\n<\/div>\n<\/div>\n","protected":false},"excerpt":{"rendered":"<p>La gesti\u00f3 A trav\u00e9s d&#8217;una aplicaci\u00f3 col\u00b7laborativa estem connectats a tu. En aquest entorn digital podr\u00e0s pujar les factures. Tot en el n\u00favol Tindr\u00e0s el control de la comptabilitat i [&hellip;]<\/p>\n","protected":false},"author":1,"featured_media":0,"parent":0,"menu_order":0,"comment_status":"closed","ping_status":"closed","template":"","meta":{"inline_featured_image":false,"footnotes":""},"class_list":["post-797","page","type-page","status-publish","hentry"],"_links":{"self":[{"href":"http:\/\/easygest.es\/ca\/wp-json\/wp\/v2\/pages\/797","targetHints":{"allow":["GET"]}}],"collection":[{"href":"http:\/\/easygest.es\/ca\/wp-json\/wp\/v2\/pages"}],"about":[{"href":"http:\/\/easygest.es\/ca\/wp-json\/wp\/v2\/types\/page"}],"author":[{"embeddable":true,"href":"http:\/\/easygest.es\/ca\/wp-json\/wp\/v2\/users\/1"}],"replies":[{"embeddable":true,"href":"http:\/\/easygest.es\/ca\/wp-json\/wp\/v2\/comments?post=797"}],"version-history":[{"count":5,"href":"http:\/\/easygest.es\/ca\/wp-json\/wp\/v2\/pages\/797\/revisions"}],"predecessor-version":[{"id":819,"href":"http:\/\/easygest.es\/ca\/wp-json\/wp\/v2\/pages\/797\/revisions\/819"}],"wp:attachment":[{"href":"http:\/\/easygest.es\/ca\/wp-json\/wp\/v2\/media?parent=797"}],"curies":[{"name":"wp","href":"https:\/\/api.w.org\/{rel}","templated":true}]}}